{"id":564,"date":"2015-10-22T07:12:59","date_gmt":"2015-10-22T07:12:59","guid":{"rendered":"http:\/\/plethorathemes.com\/healthx\/?page_id=564"},"modified":"2024-01-19T16:06:52","modified_gmt":"2024-01-19T15:06:52","slug":"rendez-vous","status":"publish","type":"page","link":"https:\/\/www.orthopedie-bertinotti.fr\/index.php\/rendez-vous\/","title":{"rendered":"Demande de rendez-vous"},"content":{"rendered":"<section class=\"wpb-content-wrapper\"><p>[vc_row full_width=\u00a0\u00bb0&Prime; full_height=\u00a0\u00bb0&Prime; row_padding=\u00a0\u00bbno_padding\u00a0\u00bb particles=\u00a0\u00bb0&Prime;][vc_column width=\u00a0\u00bb5\/12&Prime;][vc_empty_space height=\u00a0\u00bb64px\u00a0\u00bb]\n<div class=\"wpcf7 no-js\" id=\"wpcf7-f2124-o1\" lang=\"en-US\" dir=\"ltr\">\n<div class=\"screen-reader-response\"><p role=\"status\" aria-live=\"polite\" aria-atomic=\"true\"><\/p> <ul><\/ul><\/div>\n<form action=\"\/index.php\/wp-json\/wp\/v2\/pages\/564#wpcf7-f2124-o1\" method=\"post\" class=\"wpcf7-form init\" aria-label=\"Contact form\" novalidate=\"novalidate\" data-status=\"init\">\n<div style=\"display: none;\">\n<input type=\"hidden\" name=\"_wpcf7\" value=\"2124\" \/>\n<input type=\"hidden\" name=\"_wpcf7_version\" value=\"5.9.8\" \/>\n<input type=\"hidden\" name=\"_wpcf7_locale\" value=\"en_US\" \/>\n<input type=\"hidden\" name=\"_wpcf7_unit_tag\" value=\"wpcf7-f2124-o1\" \/>\n<input type=\"hidden\" name=\"_wpcf7_container_post\" value=\"0\" \/>\n<input type=\"hidden\" name=\"_wpcf7_posted_data_hash\" value=\"\" \/>\n<\/div>\n<p><label> Votre nom<br \/>\n<span class=\"wpcf7-form-control-wrap\" data-name=\"your-name\"><input size=\"40\" maxlength=\"400\" class=\"wpcf7-form-control wpcf7-form-control form-control wpcf7-validates-as-required\" autocomplete=\"name\" aria-required=\"true\" aria-invalid=\"false\" value=\"\" type=\"text\" name=\"your-name\" \/><\/span> <\/label>\n<\/p>\n<p><label> Votre adresse email<br \/>\n<span class=\"wpcf7-form-control-wrap\" data-name=\"your-email\"><input size=\"40\" maxlength=\"400\" class=\"wpcf7-form-control wpcf7-form-control form-control wpcf7-validates-as-required wpcf7-form-control form-control wpcf7-validates-as-email\" autocomplete=\"email\" aria-required=\"true\" aria-invalid=\"false\" value=\"\" type=\"email\" name=\"your-email\" \/><\/span> <\/label>\n<\/p>\n<p><label> Objet du message<br \/>\n<span class=\"wpcf7-form-control-wrap\" data-name=\"your-subject\"><input size=\"40\" maxlength=\"400\" class=\"wpcf7-form-control wpcf7-form-control form-control wpcf7-validates-as-required\" aria-required=\"true\" aria-invalid=\"false\" value=\"\" type=\"text\" name=\"your-subject\" \/><\/span> <\/label>\n<\/p>\n<p><label> Quel jour seriez vous disponible ?<br \/>\n<span class=\"wpcf7-form-control-wrap\" data-name=\"appointmentdate\"><input class=\"wpcf7-form-control wpcf7-date wpcf7-validates-as-required wpcf7-validates-as-date\" aria-required=\"true\" aria-invalid=\"false\" placeholder=\"Appointment Date\" value=\"\" type=\"date\" name=\"appointmentdate\" \/><\/span><\/label>\n<\/p>\n<p><label> Votre message (optional)<br \/>\n<span class=\"wpcf7-form-control-wrap\" data-name=\"your-message\"><textarea cols=\"40\" rows=\"10\" maxlength=\"2000\" class=\"wpcf7-form-control wpcf7-form-control wpcf7-form-control form-control\" aria-invalid=\"false\" name=\"your-message\"><\/textarea><\/span> <\/label>\n<\/p>\n<p><input class=\"wpcf7-form-control wpcf7-submit btn btn-primary has-spinner\" type=\"submit\" value=\"Submit\" \/>\n<\/p><div class=\"wpcf7-response-output\" aria-hidden=\"true\"><\/div>\n<\/form>\n<\/div>\n[\/vc_column][vc_column width=\u00a0\u00bb1\/2&Prime; color_set=\u00a0\u00bbwhite_section\u00a0\u00bb boxed=\u00a0\u00bbboxed_plus\u00a0\u00bb margin=\u00a0\u00bbmargin_bottom_grid\u00a0\u00bb offset=\u00a0\u00bbvc_col-sm-offset-1&Prime;][vc_empty_space height=\u00a0\u00bb64px\u00a0\u00bb][vc_single_image image=\u00a0\u00bb1171&Prime; img_size=\u00a0\u00bbfull\u00a0\u00bb][vc_column_text]Contactez le cabinet pour fixer un rendez-vous<\/p>\n<p><strong>06 16 47 95 67<br \/>\n<\/strong><\/p>\n<p><a href=\"mailto:orthopedie.bertinotti@gmail.com\">orthopedie.bertinotti@gmail.com<\/a><\/p>\n<p><strong><a href=\"https:\/\/goo.gl\/maps\/vMwbAB9kWzwUCJK38\">7 Chemin de la Colombi\u00e8re &#8211; 21000 DIJON<\/a><\/strong>[\/vc_column_text][vc_text_separator title=\u00a0\u00bbInformations compl\u00e9mentaires\u00a0\u00bb title_align=\u00a0\u00bbseparator_align_left\u00a0\u00bb][vc_column_text]Le cabinet est situ\u00e9 \u00e0 l&rsquo;arri\u00e8re du parc de la Colombi\u00e8re, au bord de l&rsquo;Ouche.*<\/p>\n<p>pour votre confort, un parking est situ\u00e9 juste en face du cabinet.[\/vc_column_text][vc_empty_space height=\u00a0\u00bb64px\u00a0\u00bb][\/vc_column][\/vc_row]<\/p>\n<\/section>","protected":false},"excerpt":{"rendered":"<p>[vc_row full_width=\u00a0\u00bb0&Prime; full_height=\u00a0\u00bb0&Prime; row_padding=\u00a0\u00bbno_padding\u00a0\u00bb particles=\u00a0\u00bb0&Prime;][vc_column width=\u00a0\u00bb5\/12&Prime;][vc_empty_space height=\u00a0\u00bb64px\u00a0\u00bb][\/vc_column][vc_column width=\u00a0\u00bb1\/2&Prime; color_set=\u00a0\u00bbwhite_section\u00a0\u00bb boxed=\u00a0\u00bbboxed_plus\u00a0\u00bb margin=\u00a0\u00bbmargin_bottom_grid\u00a0\u00bb offset=\u00a0\u00bbvc_col-sm-offset-1&Prime;][vc_empty_space height=\u00a0\u00bb64px\u00a0\u00bb][vc_single_image image=\u00a0\u00bb1171&Prime; img_size=\u00a0\u00bbfull\u00a0\u00bb][vc_column_text]Contactez le cabinet pour fixer un rendez-vous 06 16 47 95 67 orthopedie.bertinotti@gmail.com 7 Chemin de la Colombi\u00e8re &#8211; 21000 DIJON[\/vc_column_text][vc_text_separator title=\u00a0\u00bbInformations compl\u00e9mentaires\u00a0\u00bb title_align=\u00a0\u00bbseparator_align_left\u00a0\u00bb][vc_column_text]Le cabinet est situ\u00e9 \u00e0 l&rsquo;arri\u00e8re du parc de la Colombi\u00e8re, au bord de l&rsquo;Ouche.* pour votre confort, [&hellip;]<\/p>\n","protected":false},"author":1,"featured_media":2122,"parent":0,"menu_order":0,"comment_status":"closed","ping_status":"closed","template":"","meta":{"footnotes":""},"class_list":["post-564","page","type-page","status-publish","has-post-thumbnail","hentry"],"_links":{"self":[{"href":"https:\/\/www.orthopedie-bertinotti.fr\/index.php\/wp-json\/wp\/v2\/pages\/564","targetHints":{"allow":["GET"]}}],"collection":[{"href":"https:\/\/www.orthopedie-bertinotti.fr\/index.php\/wp-json\/wp\/v2\/pages"}],"about":[{"href":"https:\/\/www.orthopedie-bertinotti.fr\/index.php\/wp-json\/wp\/v2\/types\/page"}],"author":[{"embeddable":true,"href":"https:\/\/www.orthopedie-bertinotti.fr\/index.php\/wp-json\/wp\/v2\/users\/1"}],"replies":[{"embeddable":true,"href":"https:\/\/www.orthopedie-bertinotti.fr\/index.php\/wp-json\/wp\/v2\/comments?post=564"}],"version-history":[{"count":6,"href":"https:\/\/www.orthopedie-bertinotti.fr\/index.php\/wp-json\/wp\/v2\/pages\/564\/revisions"}],"predecessor-version":[{"id":2216,"href":"https:\/\/www.orthopedie-bertinotti.fr\/index.php\/wp-json\/wp\/v2\/pages\/564\/revisions\/2216"}],"wp:featuredmedia":[{"embeddable":true,"href":"https:\/\/www.orthopedie-bertinotti.fr\/index.php\/wp-json\/wp\/v2\/media\/2122"}],"wp:attachment":[{"href":"https:\/\/www.orthopedie-bertinotti.fr\/index.php\/wp-json\/wp\/v2\/media?parent=564"}],"curies":[{"name":"wp","href":"https:\/\/api.w.org\/{rel}","templated":true}]}}